{"id":297,"date":"2022-04-29T15:33:23","date_gmt":"2022-04-29T15:33:23","guid":{"rendered":"http:\/\/decide.usv.ro\/index.php\/registration\/"},"modified":"2022-05-02T12:03:04","modified_gmt":"2022-05-02T10:03:04","slug":"registration","status":"publish","type":"page","link":"http:\/\/decide.usv.ro\/index.php\/registration\/","title":{"rendered":"\u00cenregistrare"},"content":{"rendered":"\n\n<div class=\"pmagic\">   \n<!-----Form Starts----->\n<form class=\"pmagic-form pm-dbfl\" method=\"post\" action=\"\" id=\"pm_regform_1\" name=\"pm_regform_1\" onsubmit=\"return profile_magic_frontend_validation(this)\" enctype=\"multipart\/form-data\">\n   <fieldset id=\"fieldset_6\"><legend>Informa\u021bii personale<\/legend><div class=\"pmrow\">        \n        <div class=\"pm-col\">\n            <div class=\"pm-form-field-icon\"><img width=\"16\" height=\"16\" src=\"http:\/\/decide.usv.ro\/wp-content\/uploads\/2022\/05\/user-150x150.png\" class=\"attachment-16x16 size-16x16\" alt=\"\" loading=\"lazy\" srcset=\"http:\/\/decide.usv.ro\/wp-content\/uploads\/2022\/05\/user-150x150.png 150w, http:\/\/decide.usv.ro\/wp-content\/uploads\/2022\/05\/user-300x300.png 300w, http:\/\/decide.usv.ro\/wp-content\/uploads\/2022\/05\/user.png 512w\" sizes=\"(max-width: 16px) 100vw, 16px\" \/><\/div>\n            <div class=\"pm-field-lable\">\n                <label for=\"first_name\">Prenume<sup class=\"pm_estric\">*<\/sup><\/label>\n            <\/div>\n            <div class=\"pm-field-input pm_required\">\n                <input title=\"\" type=\"text\" class=\"\" maxlength=\"\" value=\"\" id=\"first_name\" name=\"first_name\" placeholder=\"Ex: Andrei\">\n                <div class=\"errortext\" style=\"display:none;\"><\/div>\n            <\/div>\n        <\/div>\n\n        <\/div><div class=\"pmrow\">        \n        <div class=\"pm-col\">\n            <div class=\"pm-form-field-icon\"><img width=\"16\" height=\"16\" src=\"http:\/\/decide.usv.ro\/wp-content\/uploads\/2022\/05\/user-150x150.png\" class=\"attachment-16x16 size-16x16\" alt=\"\" loading=\"lazy\" srcset=\"http:\/\/decide.usv.ro\/wp-content\/uploads\/2022\/05\/user-150x150.png 150w, http:\/\/decide.usv.ro\/wp-content\/uploads\/2022\/05\/user-300x300.png 300w, http:\/\/decide.usv.ro\/wp-content\/uploads\/2022\/05\/user.png 512w\" sizes=\"(max-width: 16px) 100vw, 16px\" \/><\/div>\n            <div class=\"pm-field-lable\">\n                <label for=\"last_name\">Nume<sup class=\"pm_estric\">*<\/sup><\/label>\n            <\/div>\n            <div class=\"pm-field-input pm_required\">\n                <input title=\"\" type=\"text\" class=\"\" maxlength=\"\" value=\"\" id=\"last_name\" name=\"last_name\" placeholder=\"Ex: Popescu\">\n                <div class=\"errortext\" style=\"display:none;\"><\/div>\n            <\/div>\n        <\/div>\n\n        <\/div><div class=\"pmrow\">        \n        <div class=\"pm-col\">\n            <div class=\"pm-form-field-icon\"><img width=\"16\" height=\"16\" src=\"http:\/\/decide.usv.ro\/wp-content\/uploads\/2022\/05\/list-150x150.png\" class=\"attachment-16x16 size-16x16\" alt=\"\" loading=\"lazy\" srcset=\"http:\/\/decide.usv.ro\/wp-content\/uploads\/2022\/05\/list-150x150.png 150w, http:\/\/decide.usv.ro\/wp-content\/uploads\/2022\/05\/list-300x300.png 300w, http:\/\/decide.usv.ro\/wp-content\/uploads\/2022\/05\/list.png 512w\" sizes=\"(max-width: 16px) 100vw, 16px\" \/><\/div>\n            <div class=\"pm-field-lable\">\n                <label for=\"description\">Scurt\u0103 prezentare<\/label>\n            <\/div>\n            <div class=\"pm-field-input \">\n                                 <textarea title=\"V\u0103 rug\u0103m s\u0103 v\u0103 prezenta\u021bi pe scurt.\" class=\"\" maxlength=\"\" cols=\"\" rows=\"\" id=\"description\" name=\"description\" placeholder=\"\"><\/textarea>\n                                <div class=\"errortext\" style=\"display:none;\"><\/div>\n            <\/div>\n        <\/div>\n        <\/div><div class=\"pmrow\">        \n        <div class=\"pm-col\">\n            <div class=\"pm-form-field-icon\"><\/div>\n            <div class=\"pm-field-lable\">\n                <label for=\"pm_field_33\">Seria<\/label>\n            <\/div>\n            <div class=\"pm-field-input \">\n                <div class=\"pmradio\">\n                                        <div class=\"pm-radio-option\"><input title=\"Repartizarea membrului la una din cele 3 serii de lucru ale grupului tint\u0103 al proiectului\" type=\"radio\" class=\"\" id=\"pm_field_33\" name=\"pm_field_33\" value=\"1\" > 1<\/div>\n                                                <div class=\"pm-radio-option\"><input title=\"Repartizarea membrului la una din cele 3 serii de lucru ale grupului tint\u0103 al proiectului\" type=\"radio\" class=\"\" id=\"pm_field_33\" name=\"pm_field_33\" value=\"2\" > 2<\/div>\n                                                <div class=\"pm-radio-option\"><input title=\"Repartizarea membrului la una din cele 3 serii de lucru ale grupului tint\u0103 al proiectului\" type=\"radio\" class=\"\" id=\"pm_field_33\" name=\"pm_field_33\" value=\"3\" > 3<\/div>\n                                            <\/div>\n                <div class=\"errortext\" style=\"display:none;\"><\/div>\n            <\/div>\n        <\/div>\n        <\/div><div class=\"pmrow\">        \n        <div class=\"pm-col\">\n            <div class=\"pm-form-field-icon\"><img width=\"16\" height=\"16\" src=\"http:\/\/decide.usv.ro\/wp-content\/uploads\/2022\/05\/marker-150x150.png\" class=\"attachment-16x16 size-16x16\" alt=\"\" loading=\"lazy\" srcset=\"http:\/\/decide.usv.ro\/wp-content\/uploads\/2022\/05\/marker-150x150.png 150w, http:\/\/decide.usv.ro\/wp-content\/uploads\/2022\/05\/marker-300x300.png 300w, http:\/\/decide.usv.ro\/wp-content\/uploads\/2022\/05\/marker.png 512w\" sizes=\"(max-width: 16px) 100vw, 16px\" \/><\/div>\n            <div class=\"pm-field-lable\">\n                <label for=\"pm_field_12\">Afiliere<sup class=\"pm_estric\">*<\/sup><\/label>\n            <\/div>\n            <div class=\"pm-field-input pm_required\">\n                <input title=\"V\u0103 rug\u0103m s\u0103 men\u021biona\u021bi denumirea institu\u021biei la care sunte\u021bi afilia\u021bi.\" type=\"text\" class=\"\" maxlength=\"\" value=\"\" id=\"pm_field_12\" name=\"pm_field_12\" placeholder=\"Ex: Universitatea \u0218tefan cel Mare din Suceava\">\n                <div class=\"errortext\" style=\"display:none;\"><\/div>\n            <\/div>\n        <\/div>\n\n        <\/div><div class=\"pmrow\">        \n        <div class=\"pm-col\">\n            <div class=\"pm-form-field-icon\"><\/div>\n            <div class=\"pm-field-lable\">\n                <label for=\"user_email\">Email<sup class=\"pm_estric\">*<\/sup><\/label>\n            <\/div>\n            <div class=\"pm-field-input pm_email pm_user_email pm_required\">\n                <input title=\"\" type=\"email\" class=\"\"  value=\"\" id=\"user_email\" name=\"user_email\" placeholder=\"\" onkeyup=\"pm_frontend_check_useremail('')\" onblur=\"pm_frontend_check_useremail('')\" >\n                <div class=\"errortext\" style=\"display:none;\"><\/div>\n                <div class=\"useremailerror\" style=\"display:none;\"><\/div>\n            <\/div>\n        <\/div>\n\n        <\/div><div class=\"pmrow\">        \n        <div class=\"pm-col\">\n            <div class=\"pm-form-field-icon\"><img width=\"16\" height=\"16\" src=\"http:\/\/decide.usv.ro\/wp-content\/uploads\/2022\/05\/list-150x150.png\" class=\"attachment-16x16 size-16x16\" alt=\"\" loading=\"lazy\" srcset=\"http:\/\/decide.usv.ro\/wp-content\/uploads\/2022\/05\/list-150x150.png 150w, http:\/\/decide.usv.ro\/wp-content\/uploads\/2022\/05\/list-300x300.png 300w, http:\/\/decide.usv.ro\/wp-content\/uploads\/2022\/05\/list.png 512w\" sizes=\"(max-width: 16px) 100vw, 16px\" \/><\/div>\n            <div class=\"pm-field-lable\">\n                <label for=\"pm_field_32\">Titlul planului de studii doctorand antreprenor \/ cercet\u0103tor postdoctorat antreprenor<\/label>\n            <\/div>\n            <div class=\"pm-field-input \">\n                <input title=\"\" type=\"text\" class=\"\" maxlength=\"\" value=\"\" id=\"pm_field_32\" name=\"pm_field_32\" placeholder=\"\">\n                <div class=\"errortext\" style=\"display:none;\"><\/div>\n            <\/div>\n        <\/div>\n\n        <\/div><div class=\"all_errors\" style=\"display:none;\"><\/div><\/fieldset>    <div class=\"buttonarea pm-full-width-container\">\n    <div class=\"all_errors\" style=\"display:none;\"><\/div>\n          \n            <input type=\"submit\" value=\"Submit\" name=\"reg_form_submit\">\n    <\/div>\n  <\/form>\n<\/div>\n\n","protected":false},"excerpt":{"rendered":"Informa\u021bii personale Prenume* Nume* Scurt\u0103 prezentare Seria 1 2 3 Afiliere* Email* Titlul planului de studii doctorand antreprenor \/ cercet\u0103tor postdoctorat antreprenor","protected":false},"author":3,"featured_media":0,"parent":0,"menu_order":0,"comment_status":"closed","ping_status":"closed","template":"","meta":[],"_links":{"self":[{"href":"http:\/\/decide.usv.ro\/index.php\/wp-json\/wp\/v2\/pages\/297"}],"collection":[{"href":"http:\/\/decide.usv.ro\/index.php\/wp-json\/wp\/v2\/pages"}],"about":[{"href":"http:\/\/decide.usv.ro\/index.php\/wp-json\/wp\/v2\/types\/page"}],"author":[{"embeddable":true,"href":"http:\/\/decide.usv.ro\/index.php\/wp-json\/wp\/v2\/users\/3"}],"replies":[{"embeddable":true,"href":"http:\/\/decide.usv.ro\/index.php\/wp-json\/wp\/v2\/comments?post=297"}],"version-history":[{"count":1,"href":"http:\/\/decide.usv.ro\/index.php\/wp-json\/wp\/v2\/pages\/297\/revisions"}],"predecessor-version":[{"id":320,"href":"http:\/\/decide.usv.ro\/index.php\/wp-json\/wp\/v2\/pages\/297\/revisions\/320"}],"wp:attachment":[{"href":"http:\/\/decide.usv.ro\/index.php\/wp-json\/wp\/v2\/media?parent=297"}],"curies":[{"name":"wp","href":"https:\/\/api.w.org\/{rel}","templated":true}]}}