{"id":328,"date":"2022-05-03T12:07:30","date_gmt":"2022-05-03T10:07:30","guid":{"rendered":"http:\/\/decide.usv.ro\/?page_id=328"},"modified":"2022-05-04T09:56:24","modified_gmt":"2022-05-04T07:56:24","slug":"membrii-grupului-tinta","status":"publish","type":"page","link":"http:\/\/decide.usv.ro\/index.php\/membrii-grupului-tinta\/","title":{"rendered":"Membrii grupului \u021bint\u0103"},"content":{"rendered":"<div class=\"pmagic\">\n           <div class=\"pm-group-card-box pm-dbfl pm-border-bt\">\n         <div class=\"pm-group-card pm-dbfl pm-border pm-bg pm-radius5\">\n            <div class=\"pm-group-title pm-dbfl pm-bg-lt pm-pad10 pm-border-bt\">\n            <i class=\"fa fa-users\" aria-hidden=\"true\"><\/i>\n\t\t\tMembrii grupului \u021bint\u0103                        <\/div>\n             <div class=\"pm-group-image pm-difl pm-border\">\n                  <img width=\"512\" height=\"512\" src=\"http:\/\/decide.usv.ro\/wp-content\/uploads\/2022\/05\/social-media.png\" class=\"\" alt=\"\" loading=\"lazy\" \/>                   \n                  \t\t\t\t<div class=\"pm-group-signup\">\n                                    <a href=\"http:\/\/decide.usv.ro\/index.php\/registration\/?gid=1\" class=\"pm_button\"><button>Join Group<\/button><\/a>\t\t\t\t<\/div>                \n\t\t\t\t                 \n             <\/div>\n             <div class=\"pm-group-description pm-difl pm-bg pm-pad10 pm-border\">\n         \n         \t\t                 <div class=\"pm-card-row pm-dbfl\">\n                    <div class=\"pm-card-label pm-difl\">Members<\/div>\n                    <div class=\"pm-card-value pm-difl\">94<\/div>\n                 <\/div>\n                                  \n                                   <div class=\"pm-card-row pm-dbfl\">\n                    <div class=\"pm-card-label pm-difl\">Details<\/div>\n                    <div class=\"pm-card-value pm-difl\">Lista membrilor grupului \u021bint\u0103 al proiectului DECIDE<\/div>\n                 <\/div>\n                                               <\/div>\n           <\/div>\n           \n           \n\n        <\/div>\n   \n          <div id=\"pg_group_tabs\" class=\"pm-section-nav-horizental pm-dbfl\">\n        <ul class=\"pm-difl pm-profile-tab-wrap pm-border-bt\">\t\n                        <li class=\"pm-profile-tab pm-pad10\"><a class=\"pm-dbfl\" href=\"#pg_members\">Members<\/a><\/li>\n                                     \n        <\/ul>\n                <div id=\"pg_members\" class=\"pm-dbfl pg-profile-tab-content\">\n        <input type=\"hidden\" id=\"pg-gid\" name=\"pg-gid\" value=\"1\">\n        <div class=\"pg-group-setting-head pm-dbfl pm-bg pg-group-filters-head\">\n        <div class=\"pg-group-sorting-ls pg-members-sortby pm-difl \">\n            <div class=\"pg-sortby-alpha pm-difl\">\n                <span class=\"pg-group-sorting-title pm-difl\">Sort by<\/span>\n            <span class=\"pg-sort-dropdown pm-border pm-difl\">\n                <select class=\"pg-custom-select\" name=\"member_sort_by_grid\" id=\"member_sort_by_grid\" onchange=\"pm_get_all_users_from_group_grid_view(1,'grid')\">\n                    <option value=\"oldest_first\" >Oldest<\/option>\n                    <option value=\"latest_first\"  >Newest<\/option>\n                    <option value=\"first_name_asc\"  >First Name Alphabetically A - Z<\/option>\n                    <option value=\"first_name_desc\"  >First Name Alphabetically Z - A<\/option>\n                    <option value=\"last_name_asc\"   selected='selected'>Last Name Alphabetically A - Z<\/option>\n                    <option value=\"last_name_desc\"  >Last Name Alphabetically Z- A<\/option>\n\n                <\/select>\n            <\/span>\n                <\/div>\n            \n        <\/div>\n      \n        <div class=\"pg-group-sorting-rs pm-difr\">\n           <div class=\"pg-members-sortby\">\n                <span class=\"pg-sort-dropdown pm-border\">\n                    <select class=\"pg-custom-select\" id=\"member_search_in_grid\" name=\"member_search_in_grid\" onchange=\"pm_get_all_users_from_group_grid_view(1,'grid')\">\n                        <option value=\"\">Select a Field<\/option>\n                        <option value=\"first_name\">Prenume<\/option><option value=\"last_name\">Nume<\/option><option value=\"pm_field_33\">Seria<\/option><option value=\"pm_field_12\">Afiliere<\/option>                    <\/select>\n                <\/span>\n\n            <\/div>\n            <div class=\" pg-member-search\"><input type=\"text\" name=\"member_search_grid\" id=\"member_search_grid\" placeholder=\"Search\" onkeyup=\"pm_get_all_users_from_group_grid_view(1,'grid')\"><\/div>\n        <\/div>\n\n    <\/div>    \n        \n            <div id=\"pg_members_grid_view\">    \n            \n            \n        \n        <div class=\"pm-user-card pm-difl pm-border pm-radius5\">\n            <div class=\"pm-user-card-cover pm-dbfl\">\n                <img width=\"800\" height=\"300\" src=\"http:\/\/decide.usv.ro\/wp-content\/uploads\/2022\/05\/default-cover.jpg\" class=\"150\" alt=\"\" loading=\"lazy\" \/>                <\/div>\n            <div class=\"pm-user-image pm-dbfl pm-bg-lt \"><img src=\"http:\/\/decide.usv.ro\/wp-content\/plugins\/profilegrid-user-profiles-groups-and-communities\/public\/\/partials\/images\/default-user.png\" width=\"150\" height=\"150\" class=\"user-profile-image\" \/><\/div>\n            <div class=\"pm-user-description pm-dbfl pm-bg-lt\">\n                <div class=\"pm-user-card-title pm-dbfl pm-pad10 pm-bg-lt pm-clip\">\n                                    <a href=\"http:\/\/decide.usv.ro\/index.php\/my-profile\/?uid=62\"><span style=\"text-transform:uppercase\">IEN 03<\/span> <\/a>\n                                <\/div>\n                  <div class=\"pm-section-wrapper\">\t\t\t\t\t\t\t\n\t\t\n\t\t\t<div class=\"pm-user-description-row pm-dbfl pm-border\">\n                            <div class=\"pm-card-label pm-difl\">\n                                                        Seria                            <\/div>\n                            <div class=\"pm-card-value pm-difl pm_collapsable_radio\">1<\/div>                        <\/div>\n\t\t\t\t\t\t\t\t\t\t\t\t\n\t\t\n\t\t\t<div class=\"pm-user-description-row pm-dbfl pm-border\">\n                            <div class=\"pm-card-label pm-difl\">\n                            <img width=\"16\" height=\"16\" src=\"http:\/\/decide.usv.ro\/wp-content\/uploads\/2022\/05\/marker-150x150.png\" class=\"attachment-16x16 size-16x16\" alt=\"\" loading=\"lazy\" srcset=\"http:\/\/decide.usv.ro\/wp-content\/uploads\/2022\/05\/marker-150x150.png 150w, http:\/\/decide.usv.ro\/wp-content\/uploads\/2022\/05\/marker-300x300.png 300w, http:\/\/decide.usv.ro\/wp-content\/uploads\/2022\/05\/marker.png 512w\" sizes=\"(max-width: 16px) 100vw, 16px\" \/>                            Afiliere                            <\/div>\n                            <div class=\"pm-card-value pm-difl pm_collapsable_text\">Institutul de Economie Na\u021bionala<\/div>                        <\/div>\n\t\t\t\t\t<\/div>                \n            <\/div>\n          <\/div>         \n      \t        \n        <div class=\"pm-user-card pm-difl pm-border pm-radius5\">\n            <div class=\"pm-user-card-cover pm-dbfl\">\n                <img width=\"800\" height=\"300\" src=\"http:\/\/decide.usv.ro\/wp-content\/uploads\/2022\/05\/default-cover.jpg\" class=\"150\" alt=\"\" loading=\"lazy\" \/>                <\/div>\n            <div class=\"pm-user-image pm-dbfl pm-bg-lt \"><img src=\"http:\/\/decide.usv.ro\/wp-content\/plugins\/profilegrid-user-profiles-groups-and-communities\/public\/\/partials\/images\/default-user.png\" width=\"150\" height=\"150\" class=\"user-profile-image\" \/><\/div>\n            <div class=\"pm-user-description pm-dbfl pm-bg-lt\">\n                <div class=\"pm-user-card-title pm-dbfl pm-pad10 pm-bg-lt pm-clip\">\n                                    <a href=\"http:\/\/decide.usv.ro\/index.php\/my-profile\/?uid=66\"><span style=\"text-transform:uppercase\">IEN 05<\/span> <\/a>\n                                <\/div>\n                  <div class=\"pm-section-wrapper\">\t\t\t\t\t\t\t\t\t\t\t\n\t\t\n\t\t\t<div class=\"pm-user-description-row pm-dbfl pm-border\">\n                            <div class=\"pm-card-label pm-difl\">\n                            <img width=\"16\" height=\"16\" src=\"http:\/\/decide.usv.ro\/wp-content\/uploads\/2022\/05\/marker-150x150.png\" class=\"attachment-16x16 size-16x16\" alt=\"\" loading=\"lazy\" srcset=\"http:\/\/decide.usv.ro\/wp-content\/uploads\/2022\/05\/marker-150x150.png 150w, http:\/\/decide.usv.ro\/wp-content\/uploads\/2022\/05\/marker-300x300.png 300w, http:\/\/decide.usv.ro\/wp-content\/uploads\/2022\/05\/marker.png 512w\" sizes=\"(max-width: 16px) 100vw, 16px\" \/>                            Afiliere                            <\/div>\n                            <div class=\"pm-card-value pm-difl pm_collapsable_text\">Universitatea \"Stefan cel Mare\" Suceava<\/div>                        <\/div>\n\t\t\t\t\t<\/div>                \n            <\/div>\n          <\/div>         \n      \t        \n        <div class=\"pm-user-card pm-difl pm-border pm-radius5\">\n            <div class=\"pm-user-card-cover pm-dbfl\">\n                <img width=\"800\" height=\"300\" src=\"http:\/\/decide.usv.ro\/wp-content\/uploads\/2022\/05\/default-cover.jpg\" class=\"150\" alt=\"\" loading=\"lazy\" \/>                <\/div>\n            <div class=\"pm-user-image pm-dbfl pm-bg-lt \"><img src=\"http:\/\/decide.usv.ro\/wp-content\/plugins\/profilegrid-user-profiles-groups-and-communities\/public\/\/partials\/images\/default-user.png\" width=\"150\" height=\"150\" class=\"user-profile-image\" \/><\/div>\n            <div class=\"pm-user-description pm-dbfl pm-bg-lt\">\n                <div class=\"pm-user-card-title pm-dbfl pm-pad10 pm-bg-lt pm-clip\">\n                                    <a href=\"http:\/\/decide.usv.ro\/index.php\/my-profile\/?uid=63\"><span style=\"text-transform:uppercase\">IEN 06<\/span> <\/a>\n                                <\/div>\n                  <div class=\"pm-section-wrapper\">\t\t\t\t\t\t\t\t\t\t\t\n\t\t\n\t\t\t<div class=\"pm-user-description-row pm-dbfl pm-border\">\n                            <div class=\"pm-card-label pm-difl\">\n                            <img width=\"16\" height=\"16\" src=\"http:\/\/decide.usv.ro\/wp-content\/uploads\/2022\/05\/marker-150x150.png\" class=\"attachment-16x16 size-16x16\" alt=\"\" loading=\"lazy\" srcset=\"http:\/\/decide.usv.ro\/wp-content\/uploads\/2022\/05\/marker-150x150.png 150w, http:\/\/decide.usv.ro\/wp-content\/uploads\/2022\/05\/marker-300x300.png 300w, http:\/\/decide.usv.ro\/wp-content\/uploads\/2022\/05\/marker.png 512w\" sizes=\"(max-width: 16px) 100vw, 16px\" \/>                            Afiliere                            <\/div>\n                            <div class=\"pm-card-value pm-difl pm_collapsable_text\">Institutul de Economie Na\u0163ional\u0103 a Academiei Rom\u00e2ne<\/div>                        <\/div>\n\t\t\t\t\t<\/div>                \n            <\/div>\n          <\/div>         \n      \t        \n        <div class=\"pm-user-card pm-difl pm-border pm-radius5\">\n            <div class=\"pm-user-card-cover pm-dbfl\">\n                <img width=\"800\" height=\"300\" src=\"http:\/\/decide.usv.ro\/wp-content\/uploads\/2022\/05\/default-cover.jpg\" class=\"150\" alt=\"\" loading=\"lazy\" \/>                <\/div>\n            <div class=\"pm-user-image pm-dbfl pm-bg-lt \"><img src=\"http:\/\/decide.usv.ro\/wp-content\/plugins\/profilegrid-user-profiles-groups-and-communities\/public\/\/partials\/images\/default-user.png\" width=\"150\" height=\"150\" class=\"user-profile-image\" \/><\/div>\n            <div class=\"pm-user-description pm-dbfl pm-bg-lt\">\n                <div class=\"pm-user-card-title pm-dbfl pm-pad10 pm-bg-lt pm-clip\">\n                                    <a href=\"http:\/\/decide.usv.ro\/index.php\/my-profile\/?uid=67\"><span style=\"text-transform:uppercase\">IEN 07<\/span> <\/a>\n                                <\/div>\n                  <div class=\"pm-section-wrapper\">\t\t\t\t\t\t\t\t<\/div>                \n            <\/div>\n          <\/div>         \n      \t        \n        <div class=\"pm-user-card pm-difl pm-border pm-radius5\">\n            <div class=\"pm-user-card-cover pm-dbfl\">\n                <img width=\"800\" height=\"300\" src=\"http:\/\/decide.usv.ro\/wp-content\/uploads\/2022\/05\/default-cover.jpg\" class=\"150\" alt=\"\" loading=\"lazy\" \/>                <\/div>\n            <div class=\"pm-user-image pm-dbfl pm-bg-lt \"><img src=\"http:\/\/decide.usv.ro\/wp-content\/plugins\/profilegrid-user-profiles-groups-and-communities\/public\/\/partials\/images\/default-user.png\" width=\"150\" height=\"150\" class=\"user-profile-image\" \/><\/div>\n            <div class=\"pm-user-description pm-dbfl pm-bg-lt\">\n                <div class=\"pm-user-card-title pm-dbfl pm-pad10 pm-bg-lt pm-clip\">\n                                    <a href=\"http:\/\/decide.usv.ro\/index.php\/my-profile\/?uid=69\"><span style=\"text-transform:uppercase\">IEN 08<\/span> <\/a>\n                                <\/div>\n                  <div class=\"pm-section-wrapper\">\t\t\t\t\t\t\t\t<\/div>                \n            <\/div>\n          <\/div>         \n      \t        \n        <div class=\"pm-user-card pm-difl pm-border pm-radius5\">\n            <div class=\"pm-user-card-cover pm-dbfl\">\n                <img width=\"800\" height=\"300\" src=\"http:\/\/decide.usv.ro\/wp-content\/uploads\/2022\/05\/default-cover.jpg\" class=\"150\" alt=\"\" loading=\"lazy\" \/>                <\/div>\n            <div class=\"pm-user-image pm-dbfl pm-bg-lt \"><img src=\"http:\/\/decide.usv.ro\/wp-content\/plugins\/profilegrid-user-profiles-groups-and-communities\/public\/\/partials\/images\/default-user.png\" width=\"150\" height=\"150\" class=\"user-profile-image\" \/><\/div>\n            <div class=\"pm-user-description pm-dbfl pm-bg-lt\">\n                <div class=\"pm-user-card-title pm-dbfl pm-pad10 pm-bg-lt pm-clip\">\n                                    <a href=\"http:\/\/decide.usv.ro\/index.php\/my-profile\/?uid=8\"><span style=\"text-transform:uppercase\">USV 10<\/span> <\/a>\n                                <\/div>\n                  <div class=\"pm-section-wrapper\">\t\t\t\t\t\t\t\n\t\t\n\t\t\t<div class=\"pm-user-description-row pm-dbfl pm-border\">\n                            <div class=\"pm-card-label pm-difl\">\n                                                        Seria                            <\/div>\n                            <div class=\"pm-card-value pm-difl pm_collapsable_radio\">1<\/div>                        <\/div>\n\t\t\t\t\t\t\t\t\t\t\t\t\n\t\t\n\t\t\t<div class=\"pm-user-description-row pm-dbfl pm-border\">\n                            <div class=\"pm-card-label pm-difl\">\n                            <img width=\"16\" height=\"16\" src=\"http:\/\/decide.usv.ro\/wp-content\/uploads\/2022\/05\/marker-150x150.png\" class=\"attachment-16x16 size-16x16\" alt=\"\" loading=\"lazy\" srcset=\"http:\/\/decide.usv.ro\/wp-content\/uploads\/2022\/05\/marker-150x150.png 150w, http:\/\/decide.usv.ro\/wp-content\/uploads\/2022\/05\/marker-300x300.png 300w, http:\/\/decide.usv.ro\/wp-content\/uploads\/2022\/05\/marker.png 512w\" sizes=\"(max-width: 16px) 100vw, 16px\" \/>                            Afiliere                            <\/div>\n                            <div class=\"pm-card-value pm-difl pm_collapsable_text\">Universitatea \"Stefan cel Mare\" Suceava<\/div>                        <\/div>\n\t\t\t\t\t<\/div>                \n            <\/div>\n          <\/div>         \n      \t        \n        <div class=\"pm-user-card pm-difl pm-border pm-radius5\">\n            <div class=\"pm-user-card-cover pm-dbfl\">\n                <img width=\"800\" height=\"300\" src=\"http:\/\/decide.usv.ro\/wp-content\/uploads\/2022\/05\/default-cover.jpg\" class=\"150\" alt=\"\" loading=\"lazy\" \/>                <\/div>\n            <div class=\"pm-user-image pm-dbfl pm-bg-lt \"><img src=\"http:\/\/decide.usv.ro\/wp-content\/plugins\/profilegrid-user-profiles-groups-and-communities\/public\/\/partials\/images\/default-user.png\" width=\"150\" height=\"150\" class=\"user-profile-image\" \/><\/div>\n            <div class=\"pm-user-description pm-dbfl pm-bg-lt\">\n                <div class=\"pm-user-card-title pm-dbfl pm-pad10 pm-bg-lt pm-clip\">\n                                    <a href=\"http:\/\/decide.usv.ro\/index.php\/my-profile\/?uid=35\"><span style=\"text-transform:uppercase\">USV 100<\/span> <\/a>\n                                <\/div>\n                  <div class=\"pm-section-wrapper\">\t\t\t\t\t\t\t\t\t\t\t\n\t\t\n\t\t\t<div class=\"pm-user-description-row pm-dbfl pm-border\">\n                            <div class=\"pm-card-label pm-difl\">\n                            <img width=\"16\" height=\"16\" src=\"http:\/\/decide.usv.ro\/wp-content\/uploads\/2022\/05\/marker-150x150.png\" class=\"attachment-16x16 size-16x16\" alt=\"\" loading=\"lazy\" srcset=\"http:\/\/decide.usv.ro\/wp-content\/uploads\/2022\/05\/marker-150x150.png 150w, http:\/\/decide.usv.ro\/wp-content\/uploads\/2022\/05\/marker-300x300.png 300w, http:\/\/decide.usv.ro\/wp-content\/uploads\/2022\/05\/marker.png 512w\" sizes=\"(max-width: 16px) 100vw, 16px\" \/>                            Afiliere                            <\/div>\n                            <div class=\"pm-card-value pm-difl pm_collapsable_text\">Universitatea \"Stefan cel Mare\" Suceava<\/div>                        <\/div>\n\t\t\t\t\t<\/div>                \n            <\/div>\n          <\/div>         \n      \t        \n        <div class=\"pm-user-card pm-difl pm-border pm-radius5\">\n            <div class=\"pm-user-card-cover pm-dbfl\">\n                <img width=\"800\" height=\"300\" src=\"http:\/\/decide.usv.ro\/wp-content\/uploads\/2022\/05\/default-cover.jpg\" class=\"150\" alt=\"\" loading=\"lazy\" \/>                <\/div>\n            <div class=\"pm-user-image pm-dbfl pm-bg-lt \"><img src=\"http:\/\/decide.usv.ro\/wp-content\/plugins\/profilegrid-user-profiles-groups-and-communities\/public\/\/partials\/images\/default-user.png\" width=\"150\" height=\"150\" class=\"user-profile-image\" \/><\/div>\n            <div class=\"pm-user-description pm-dbfl pm-bg-lt\">\n                <div class=\"pm-user-card-title pm-dbfl pm-pad10 pm-bg-lt pm-clip\">\n                                    <a href=\"http:\/\/decide.usv.ro\/index.php\/my-profile\/?uid=38\"><span style=\"text-transform:uppercase\">USV 101<\/span> <\/a>\n                                <\/div>\n                  <div class=\"pm-section-wrapper\">\t\t\t\t\t\t\t\t\t\t\t\n\t\t\n\t\t\t<div class=\"pm-user-description-row pm-dbfl pm-border\">\n                            <div class=\"pm-card-label pm-difl\">\n                            <img width=\"16\" height=\"16\" src=\"http:\/\/decide.usv.ro\/wp-content\/uploads\/2022\/05\/marker-150x150.png\" class=\"attachment-16x16 size-16x16\" alt=\"\" loading=\"lazy\" srcset=\"http:\/\/decide.usv.ro\/wp-content\/uploads\/2022\/05\/marker-150x150.png 150w, http:\/\/decide.usv.ro\/wp-content\/uploads\/2022\/05\/marker-300x300.png 300w, http:\/\/decide.usv.ro\/wp-content\/uploads\/2022\/05\/marker.png 512w\" sizes=\"(max-width: 16px) 100vw, 16px\" \/>                            Afiliere                            <\/div>\n                            <div class=\"pm-card-value pm-difl pm_collapsable_text\">Universitatea \"Stefan cel Mare\" Suceava<\/div>                        <\/div>\n\t\t\t\t\t<\/div>                \n            <\/div>\n          <\/div>         \n      \t        \n        <div class=\"pm-user-card pm-difl pm-border pm-radius5\">\n            <div class=\"pm-user-card-cover pm-dbfl\">\n                <img width=\"800\" height=\"300\" src=\"http:\/\/decide.usv.ro\/wp-content\/uploads\/2022\/05\/default-cover.jpg\" class=\"150\" alt=\"\" loading=\"lazy\" \/>                <\/div>\n            <div class=\"pm-user-image pm-dbfl pm-bg-lt \"><img src=\"http:\/\/decide.usv.ro\/wp-content\/plugins\/profilegrid-user-profiles-groups-and-communities\/public\/\/partials\/images\/default-user.png\" width=\"150\" height=\"150\" class=\"user-profile-image\" \/><\/div>\n            <div class=\"pm-user-description pm-dbfl pm-bg-lt\">\n                <div class=\"pm-user-card-title pm-dbfl pm-pad10 pm-bg-lt pm-clip\">\n                                    <a href=\"http:\/\/decide.usv.ro\/index.php\/my-profile\/?uid=34\"><span style=\"text-transform:uppercase\">USV 103<\/span> <\/a>\n                                <\/div>\n                  <div class=\"pm-section-wrapper\">\t\t\t\t\t\t\t\t\t\t\t\n\t\t\n\t\t\t<div class=\"pm-user-description-row pm-dbfl pm-border\">\n                            <div class=\"pm-card-label pm-difl\">\n                            <img width=\"16\" height=\"16\" src=\"http:\/\/decide.usv.ro\/wp-content\/uploads\/2022\/05\/marker-150x150.png\" class=\"attachment-16x16 size-16x16\" alt=\"\" loading=\"lazy\" srcset=\"http:\/\/decide.usv.ro\/wp-content\/uploads\/2022\/05\/marker-150x150.png 150w, http:\/\/decide.usv.ro\/wp-content\/uploads\/2022\/05\/marker-300x300.png 300w, http:\/\/decide.usv.ro\/wp-content\/uploads\/2022\/05\/marker.png 512w\" sizes=\"(max-width: 16px) 100vw, 16px\" \/>                            Afiliere                            <\/div>\n                            <div class=\"pm-card-value pm-difl pm_collapsable_text\">Universitatea \"Stefan cel Mare\" Suceava<\/div>                        <\/div>\n\t\t\t\t\t<\/div>                \n            <\/div>\n          <\/div>         \n      \t<div class=\"pm_clear\"><\/div><div class=\"pm-member-pagination-grid\"><ul class='page-numbers'>\n\t<li><span class=\"page-numbers current\">1<\/span><\/li>\n\t<li><a class=\"page-numbers\" href=\"\/index.php\/wp-json\/wp\/v2\/pages\/328?pagenum=2\">2<\/a><\/li>\n\t<li><a class=\"page-numbers\" href=\"\/index.php\/wp-json\/wp\/v2\/pages\/328?pagenum=3\">3<\/a><\/li>\n\t<li><span class=\"page-numbers dots\">&hellip;<\/span><\/li>\n\t<li><a class=\"page-numbers\" href=\"\/index.php\/wp-json\/wp\/v2\/pages\/328?pagenum=11\">11<\/a><\/li>\n\t<li><a class=\"next page-numbers\" href=\"\/index.php\/wp-json\/wp\/v2\/pages\/328?pagenum=2\">&raquo;<\/a><\/li>\n<\/ul>\n<\/div>            <\/div>  \n          <\/div>\n                        \n        \n      <\/div>\n            \n   \n    <\/div>\n<div class=\"pm-popup-mask\"><\/div>    \n\n<div id=\"pm-edit-group-popup\" style=\"display: none;\">\n    <div class=\"pm-popup-container\" id=\"pg_edit_group_html_container\">\n     \n        \n    <\/div>\n<\/div>\n\n\n\n\n<p><\/p>\n","protected":false},"excerpt":{"rendered":"Membrii grupului \u021bint\u0103 Join Group Members 94 Details Lista membrilor grupului \u021bint\u0103 al proiectului DECIDE Members Sort by Oldest Newest First Name Alphabetically A - Z First Name Alphabetically Z - A Last Name Alphabetically A - Z Last Name Alphabetically Z- A Select a Field PrenumeNumeSeriaAfiliere IEN 03 Seria 1 Afiliere Institutul de Economie [...]","protected":false},"author":3,"featured_media":0,"parent":0,"menu_order":0,"comment_status":"closed","ping_status":"closed","template":"","meta":[],"_links":{"self":[{"href":"http:\/\/decide.usv.ro\/index.php\/wp-json\/wp\/v2\/pages\/328"}],"collection":[{"href":"http:\/\/decide.usv.ro\/index.php\/wp-json\/wp\/v2\/pages"}],"about":[{"href":"http:\/\/decide.usv.ro\/index.php\/wp-json\/wp\/v2\/types\/page"}],"author":[{"embeddable":true,"href":"http:\/\/decide.usv.ro\/index.php\/wp-json\/wp\/v2\/users\/3"}],"replies":[{"embeddable":true,"href":"http:\/\/decide.usv.ro\/index.php\/wp-json\/wp\/v2\/comments?post=328"}],"version-history":[{"count":8,"href":"http:\/\/decide.usv.ro\/index.php\/wp-json\/wp\/v2\/pages\/328\/revisions"}],"predecessor-version":[{"id":361,"href":"http:\/\/decide.usv.ro\/index.php\/wp-json\/wp\/v2\/pages\/328\/revisions\/361"}],"wp:attachment":[{"href":"http:\/\/decide.usv.ro\/index.php\/wp-json\/wp\/v2\/media?parent=328"}],"curies":[{"name":"wp","href":"https:\/\/api.w.org\/{rel}","templated":true}]}}