{"id":5,"date":"2022-04-06T10:34:39","date_gmt":"2022-04-06T10:34:39","guid":{"rendered":"http:\/\/172.20.27.139\/?page_id=5"},"modified":"2022-10-27T14:15:37","modified_gmt":"2022-10-27T12:15:37","slug":"home","status":"publish","type":"page","link":"http:\/\/decide.usv.ro\/","title":{"rendered":"Home"},"content":{"rendered":"<div id=\"videoRow\" data-vc-full-width=\"true\" data-vc-full-width-init=\"false\" class=\"vc_custom_1591688476389\"><div class=\"container\"><div class=\"vc_row wpb_row vc_row-fluid vc_row-has-fill\"><div class=\"wpb_column vc_column_container vc_col-sm-12\"><div class=\"vc_column-inner\"><div class=\"wpb_wrapper\"><div class=\"gt3_spacing gt3_spacing-height_size_sm_desctop-on gt3_spacing-height_tablet-on gt3_spacing-height_mobile-on\"><div class=\"gt3_spacing-height gt3_spacing-height_default\" style=\"height:160px;\"><\/div> <div class=\"gt3_spacing-height gt3_spacing-height_size_sm_desctop\" style=\"height:125px;\"><\/div> <div class=\"gt3_spacing-height gt3_spacing-height_tablet\" style=\"height:100px;\"><\/div> <div class=\"gt3_spacing-height gt3_spacing-height_mobile\" style=\"height:60px;\"><\/div><\/div>  \r\n<div data-color=\"#ffffff\" class=\"gt3_custom_text\" style=\"color:#ffffff;font-family:Ubuntu;font-weight:700;font-style:normal;font-size: 34px; line-height: 120%; \"> <div class=\"gt3_custom_text-font_size_sm_desctop\" style=\"font-size:23px;line-height: 120%;\"> <div class=\"gt3_custom_text-font_size_tablet\" style=\"font-size:54px;line-height: 120%;\"> <div class=\"gt3_custom_text-font_size_mobile\" style=\"font-size:22px;line-height: 120%;\">\n<p style=\"text-align: center;\"><span>DECIDE &#8211; Dezvoltare prin educa\u021bie antreprenorial\u0103 \u0219i cercetare inovativ\u0103 doctoral\u0103 \u0219i postdoctoral\u0103<\/span><\/p>\n <\/div> <\/div> <\/div><\/div>  \r\n<div class=\"gt3_spacing\"><div class=\"gt3_spacing-height gt3_spacing-height_default\" style=\"height:20px;\"><\/div><\/div>  \r\n<div class=\"vc_row wpb_row vc_inner vc_row-fluid vc_custom_1591348600691 vc_row-o-equal-height vc_row-o-content-middle vc_row-flex\"><div class=\"wpb_column vc_column_container vc_col-sm-12 vc_col-has-fill\"><div class=\"vc_column-inner vc_custom_1666872906425\"><div class=\"wpb_wrapper\">\n\t<div class=\"wpb_text_column wpb_content_element \" >\n\t\t<div class=\"wpb_wrapper\">\n\t\t\t<h3><span style=\"color: #ffffff;\"><strong>Obiectivul general al proiectului \u201eDecide Dezvoltare Prin Educa\u021bie Antreprenorial\u0103 \u0218i Cercetare Inovativ\u0103 Doctoral\u0103 \u0218i Postdoctoral\u0103\u201d<\/strong><\/span><\/h3>\n\n\t\t<\/div>\n\t<\/div>\n<\/div><\/div><\/div><\/div><\/div><\/div><\/div><\/div><\/div><\/div><div class=\"vc_row-full-width vc_clearfix\"><\/div><div class=\"vc_custom_1666872937078\"><div class=\"container\"><div class=\"vc_row wpb_row vc_row-fluid\"><div class=\"wpb_column vc_column_container vc_col-sm-12\"><div class=\"vc_column-inner\"><div class=\"wpb_wrapper\">\n\t<div class=\"wpb_text_column wpb_content_element \" >\n\t\t<div class=\"wpb_wrapper\">\n\t\t\t<p><span>Obiectivul general al proiectului este cre\u0219terea angajabilit\u0103\u021bii absolven\u021bilor de \u00eenv\u0103\u021b\u0103m\u00e2nt superior (doctoranzi \u0219i cercet\u0103tori post-doctorat), \u00een special \u00een sectoarele economice cu poten\u021bial competitiv \u0219i \u00een domeniile de specializare inteligent\u0103; cre\u0219terea relevan\u021bei sistemelor de educa\u021bie \u0219i formare pe pia\u021ba muncii prin dezvoltarea de programe educa\u021bionale personalizate, de calitate; dezvoltarea capitalului uman din cercetare-dezvoltare-inovare \u0219i asigurarea oportunit\u0103\u021bilor care s\u0103 faciliteze accesul la un loc de munc\u0103, prin mecanisme pentru anticiparea \u0219i dezvoltarea competen\u021belor, inclusiv a celor antreprenoriale, prin asigurarea oportunit\u0103\u021bilor pentru preg\u0103tirea pedagogic\u0103 a membrilor grupului \u021bint\u0103 care au \u00een vedere o carier\u0103 didactic\u0103 universitar\u0103, prin promovarea componentei practice a cercet\u0103rii ce vizeaz\u0103 flexibilizarea \u0219ii dezvoltarea de rela\u021bii durabile \u00eentre companii (mediul de afaceri) \u0219i universit\u0103\u021bi, respectiv institute de cercetare.<\/span><\/p>\n\n\t\t<\/div>\n\t<\/div>\n<div class=\"gt3_spacing\"><div class=\"gt3_spacing-height gt3_spacing-height_default\" style=\"height:25px;\"><\/div><\/div>  \r\n<div data-color=\"#ffffff\" class=\"gt3_custom_text\" style=\"color:#a22531;font-family:Montserrat;font-weight:700;font-style:normal;font-size: 18px; line-height: 140%; \"><strong>Obiectivele specifice ale proiectului sunt:<\/strong><\/div>  \r\n\n\t<div class=\"wpb_text_column wpb_content_element \" >\n\t\t<div class=\"wpb_wrapper\">\n\t\t\t<p><strong>OS1<\/strong> \u2013 vizeaz\u0103 dezvoltarea de competen\u021be antreprenoriale \u0219i acordarea de asisten\u021b\u0103 financiar\u0103 pentru 96 de doctoranzi \u0219i cercet\u0103tori post-doctorat, \u00eenregistra\u021bii la USV \u0219i IEN, prin participarea la un program de formare antreprenorial\u0103 care include experien\u021ba practic\u0103 personalizat\u0103.<\/p>\n<p><strong>OS 2<\/strong> \u2013 vizeaz\u0103 dezvoltarea personal\u0103 \u0219i profesional\u0103 a 96 de doctoranzi \u0219i cercet\u0103tori post-doctorat, \u00een vederea cre\u0219terii accesului la pia\u021ba muncii prin furnizarea de servicii de consiliere \u0219i orientare profesional\u0103 personalizate.<\/p>\n<p><strong>OS3<\/strong> \u2013 vizeaz\u0103 dezvoltarea \u0219i consolidarea a minimum 12 parteneriate dintre universit\u0103\u021bi-institute de cercetare \u0219i angajatori, precum \u0219i asigurarea accesului la infrastructuri moderne de cercetare \u0219i inovare prin sus\u021binerea mobilit\u0103\u021bilor interne si interna\u021bionale, participarea la conferin\u021be \u0219i manifestari \u0219tiin\u021bifice, \u00een vederea atragerii \u0219i men\u021binerii \u00een programe de \u00eenalta calitate \u0219i cresterea angajabilit\u0103\u021bii \u00een domeniul studiilor realizate, pentru 96 de doctoranzi \u0219i cercet\u0103tori post-doctorat.<\/p>\n<p><strong>OS4<\/strong> \u2013 vizeaz\u0103 dezvoltarea \u0219i furnizarea de cursuri de formare a competen\u021belor transversale pentru 96 de doctoranzi \u0219i cercet\u0103tori post-doctorat \u00een vederea cre\u0219terii accesului pe pia\u021ba muncii, \u00een special \u00een sectoarele economice cu poten\u021bial competitiv \u0219i din domeniile cu specializare inteligent\u0103, precum \u0219i pentru dezvoltarea carierei didactice.<\/p>\n<p><strong>OS5<\/strong> \u2013 vizeaz\u0103 selec\u021bia \u0219i monitorizarea a 96 de doctoranzi \u0219i cercet\u0103tori post-doctorat, membri ai grupului \u021bint\u0103, precum \u0219i dezvoltarea unui portal-sistem IT \u00een scopul colect\u0103rii \u0219i evaluarii feedback-ului privind angajabilitatea absolven\u021bilor, respectiv pentru dezvoltarea de noi programe de studii.<\/p>\n\n\t\t<\/div>\n\t<\/div>\n<div class=\"gt3_spacing gt3_spacing-height_mobile-on\"><div class=\"gt3_spacing-height gt3_spacing-height_default\" style=\"height:90px;\"><\/div> <div class=\"gt3_spacing-height gt3_spacing-height_mobile\" style=\"height:30px;\"><\/div><\/div>  \r\n<div class=\"vc_message_box vc_message_box-standard vc_message_box-rounded vc_color-sky vc_custom_1649246761514\" ><div class=\"vc_message_box-icon\"><i class=\"fas fa-info-circle\"><\/i><\/div><p><strong><span>Proiect cofinan\u021bat din Fondul Social European prin Programul Opera\u021bional Capital Uman 2014-2020. Informare privind<\/span><\/strong><span> <\/span><strong><span>prelucrarea datelor cu caracter personal<\/span><\/strong><\/p>\n<\/div><\/div><\/div><\/div><\/div><\/div><\/div><div id=\"facultati-row\" data-vc-full-width=\"true\" data-vc-full-width-init=\"false\" class=\"vc_custom_1596020625782\"><div class=\"container\"><div class=\"vc_row wpb_row vc_row-fluid vc_row-has-fill\"><div class=\"wpb_column vc_column_container vc_col-sm-12\"><div class=\"vc_column-inner\"><div class=\"wpb_wrapper\"><div class=\"vc_row\">\r\n    <div class=\"vc_col-sm-12 gt3_module_featured_posts blog_alignment_left   blog_type1 items1  class_1910\" >\r\n\r\n        \r\n        <div class=\"gt3_module_title\"><h2 >Anun\u021buri<\/h2><div class=\"external_link\"><a href=\"\/index.php\/anunturi\/\" title=\"Vezi toate\"  class=\"learn_more\">Vezi toate<span><\/span><\/a><\/div><\/div>\r\n        \r\n\t\t\t\t\t<div class=\"blog_post_preview format-standard without_post_thumb\">\r\n                        <div class=\"item_wrapper\">\r\n                            <div class=\"blog_content\"><div class=\"featured_post_info \"><h4 class=\"blogpost_title\" ><a href=\"http:\/\/decide.usv.ro\/index.php\/comunicat-de-presa-finalizarea-implementarii-proiectului\/\" >Comunicat de pres\u0103 &#8211; Finalizarea implement\u0103rii proiectului DECIDE &#8211; 19.04.2023<\/a><\/h4><div class=\"listing_meta \"><span>12\/04\/2023<\/span><\/div><\/div>\r\n                            <\/div>\r\n                        <\/div>\r\n                    <\/div>\r\n\t\t\t\t\t<div class=\"blog_post_preview format-standard without_post_thumb\">\r\n                        <div class=\"item_wrapper\">\r\n                            <div class=\"blog_content\"><div class=\"featured_post_info \"><h4 class=\"blogpost_title\" ><a href=\"http:\/\/decide.usv.ro\/index.php\/agenda-eveniment-sustinere-finala-planuri-de-afaceri-si-sustenabilitate-10-12-martie-2023-seria-3\/\" >Agenda eveniment \u201cSus\u021binere final\u0103 planuri de afaceri \u0219i sustenabilitate\u201d 10-12 martie 2023, seria 3<\/a><\/h4><div class=\"listing_meta \"><span>07\/03\/2023<\/span><\/div><\/div>\r\n                            <\/div>\r\n                        <\/div>\r\n                    <\/div>\r\n\t\t\t\t\t<div class=\"blog_post_preview format-standard without_post_thumb\">\r\n                        <div class=\"item_wrapper\">\r\n                            <div class=\"blog_content\"><div class=\"featured_post_info \"><h4 class=\"blogpost_title\" ><a href=\"http:\/\/decide.usv.ro\/index.php\/orar-de-derulare-a-programului-de-dezvoltare-a-competentelor-transversale-seria-3-usv\/\" >ORAR DE DERULARE A PROGRAMULUI DE DEZVOLTARE A COMPETEN\u021aELOR TRANSVERSALE, Seria 3 &#8211; USV<\/a><\/h4><div class=\"listing_meta \"><span>11\/10\/2022<\/span><\/div><\/div>\r\n                            <\/div>\r\n                        <\/div>\r\n                    <\/div>\r\n\t\t\t\t\t<div class=\"blog_post_preview format-standard without_post_thumb\">\r\n                        <div class=\"item_wrapper\">\r\n                            <div class=\"blog_content\"><div class=\"featured_post_info \"><h4 class=\"blogpost_title\" ><a href=\"http:\/\/decide.usv.ro\/index.php\/calendar-cursuri-transversale-seria-3-ien\/\" >Calendar cursuri transversale seria 3 IEN<\/a><\/h4><div class=\"listing_meta \"><span>25\/05\/2022<\/span><\/div><\/div>\r\n                            <\/div>\r\n                        <\/div>\r\n                    <\/div>\r\n\t\t\t\t\t<div class=\"blog_post_preview format-standard without_post_thumb\">\r\n                        <div class=\"item_wrapper\">\r\n                            <div class=\"blog_content\"><div class=\"featured_post_info \"><h4 class=\"blogpost_title\" ><a href=\"http:\/\/decide.usv.ro\/index.php\/agenda-eveniment-targ-networking-27-29-mai-2022-seria-3\/\" >Agenda eveniment \u201cTarg networking\u201d 27-29 mai 2022, seria 3<\/a><\/h4><div class=\"listing_meta \"><span>23\/05\/2022<\/span><\/div><\/div>\r\n                            <\/div>\r\n                        <\/div>\r\n                    <\/div>\r\n\t\t\t\t\t<div class=\"blog_post_preview format-standard without_post_thumb\">\r\n                        <div class=\"item_wrapper\">\r\n                            <div class=\"blog_content\"><div class=\"featured_post_info \"><h4 class=\"blogpost_title\" ><a href=\"http:\/\/decide.usv.ro\/index.php\/agenda-eveniment-sustinere-planuri-de-afaceri-si-sau-planuri-de-sustenabilitate-postudii-6-8-mai-2022-seria-2\/\" >Agend\u0103 eveniment Sus\u021binere planuri de afaceri \u0219i\/sau planuri de sustenabilitate postudii,\u00a06-8 mai 2022, seria 2<\/a><\/h4><div class=\"listing_meta \"><span>29\/04\/2022<\/span><\/div><\/div>\r\n                            <\/div>\r\n                        <\/div>\r\n                    <\/div>\r\n\t\t\t\t\t<div class=\"blog_post_preview format-standard without_post_thumb\">\r\n                        <div class=\"item_wrapper\">\r\n                            <div class=\"blog_content\"><div class=\"featured_post_info \"><h4 class=\"blogpost_title\" ><a href=\"http:\/\/decide.usv.ro\/index.php\/orar-actualizat-frecventare-componenta-antreprenoriala\/\" >Orar actualizat frecventare component\u0103 antreprenorial\u0103<\/a><\/h4><div class=\"listing_meta \"><span>27\/04\/2022<\/span><\/div><\/div>\r\n                            <\/div>\r\n                        <\/div>\r\n                    <\/div>\r\n\t\t\t\t\t<div class=\"blog_post_preview format-standard without_post_thumb\">\r\n                        <div class=\"item_wrapper\">\r\n                            <div class=\"blog_content\"><div class=\"featured_post_info \"><h4 class=\"blogpost_title\" ><a href=\"http:\/\/decide.usv.ro\/index.php\/orar-de-derulare-cursuri-seria-3\/\" >Orar de derulare cursuri-seria 3<\/a><\/h4><div class=\"listing_meta \"><span>11\/04\/2022<\/span><\/div><\/div>\r\n                            <\/div>\r\n                        <\/div>\r\n                    <\/div>\r\n\t\t\t\t\t<div class=\"blog_post_preview format-standard without_post_thumb\">\r\n                        <div class=\"item_wrapper\">\r\n                            <div class=\"blog_content\"><div class=\"featured_post_info \"><h4 class=\"blogpost_title\" ><a href=\"http:\/\/decide.usv.ro\/index.php\/anunt-privind-selectia-partenerilor-in-vederea-organizarii-stagiilor-de-practica-antreprenoriala\/\" >ANUN\u021a privind selec\u021bia partenerilor \u00een vederea organiz\u0103rii stagiilor de practic\u0103 antreprenorial\u0103<\/a><\/h4><div class=\"listing_meta \"><span>05\/04\/2022<\/span><\/div><\/div>\r\n                            <\/div>\r\n                        <\/div>\r\n                    <\/div>\r\n\t\t\t\t\t<div class=\"blog_post_preview format-standard without_post_thumb\">\r\n                        <div class=\"item_wrapper\">\r\n                            <div class=\"blog_content\"><div class=\"featured_post_info \"><h4 class=\"blogpost_title\" ><a href=\"http:\/\/decide.usv.ro\/index.php\/orar-de-derulare-a-programului-de-dezvoltare-antreprenoriala\/\" >Orar de derulare a programului de dezvoltare antreprenorial\u0103<\/a><\/h4><div class=\"listing_meta \"><span>18\/03\/2022<\/span><\/div><\/div>\r\n                            <\/div>\r\n                        <\/div>\r\n                    <\/div>    <\/div>\r\n<\/div>\r\n\r\n\r\n        <script type=\"text\/javascript\">\r\n            var custom_blog_css = \"\";\r\n            if (document.getElementById(\"custom_blog_styles\")) {\r\n                document.getElementById(\"custom_blog_styles\").innerHTML += custom_blog_css;\r\n            } else if (custom_blog_css !== \"\") {\r\n                document.head.innerHTML += '<style id=\"custom_blog_styles\" type=\"text\/css\">'+custom_blog_css+'<\/style>';\r\n            }\r\n        <\/script>\r\n    <\/div><\/div><\/div><\/div><\/div><\/div><div class=\"vc_row-full-width vc_clearfix\"><\/div><div class=\"\"><div class=\"container\"><div class=\"vc_row wpb_row vc_row-fluid\"><div class=\"wpb_column vc_column_container vc_col-sm-12\"><div class=\"vc_column-inner\"><div class=\"wpb_wrapper\"><div class=\"gt3_spacing\"><div class=\"gt3_spacing-height gt3_spacing-height_default\" style=\"height:32px;\"><\/div><\/div>  \r\n<\/div><\/div><\/div><\/div><\/div><\/div>\n","protected":false},"excerpt":{"rendered":"2022.03.15_A.3.2_L2_Orar-derulare-cursuri-seria-3_Versiunea-1Download","protected":false},"author":1,"featured_media":0,"parent":0,"menu_order":0,"comment_status":"closed","ping_status":"closed","template":"","meta":[],"_links":{"self":[{"href":"http:\/\/decide.usv.ro\/index.php\/wp-json\/wp\/v2\/pages\/5"}],"collection":[{"href":"http:\/\/decide.usv.ro\/index.php\/wp-json\/wp\/v2\/pages"}],"about":[{"href":"http:\/\/decide.usv.ro\/index.php\/wp-json\/wp\/v2\/types\/page"}],"author":[{"embeddable":true,"href":"http:\/\/decide.usv.ro\/index.php\/wp-json\/wp\/v2\/users\/1"}],"replies":[{"embeddable":true,"href":"http:\/\/decide.usv.ro\/index.php\/wp-json\/wp\/v2\/comments?post=5"}],"version-history":[{"count":17,"href":"http:\/\/decide.usv.ro\/index.php\/wp-json\/wp\/v2\/pages\/5\/revisions"}],"predecessor-version":[{"id":448,"href":"http:\/\/decide.usv.ro\/index.php\/wp-json\/wp\/v2\/pages\/5\/revisions\/448"}],"wp:attachment":[{"href":"http:\/\/decide.usv.ro\/index.php\/wp-json\/wp\/v2\/media?parent=5"}],"curies":[{"name":"wp","href":"https:\/\/api.w.org\/{rel}","templated":true}]}}